{"id":56,"date":"2021-10-01T12:04:58","date_gmt":"2021-10-01T12:04:58","guid":{"rendered":"https:\/\/bootsschulehallwilersee.ch\/?page_id=56"},"modified":"2024-12-13T12:08:09","modified_gmt":"2024-12-13T12:08:09","slug":"angebot","status":"publish","type":"page","link":"https:\/\/bootsschulehallwilersee.ch\/index.php\/angebot\/","title":{"rendered":"Angebot"},"content":{"rendered":"\n<p class=\"has-large-font-size\"><strong>Motorbootunterricht Kat. A<\/strong><\/p>\n\n\n\n<h3 class=\"wp-block-heading has-vivid-cyan-blue-color has-text-color\"><strong>Gesetzliche Grundlagen und Anforderungen<\/strong><\/h3>\n\n\n\n<p>Um ein Motorboot mit einer Antriebsleistung von mehr als 6 kW (8 PS) fahren zu d\u00fcrfen (Bodensee 4,4 kW bzw. 6 PS), ben\u00f6tigst Du einen F\u00fchrerausweis der Kategorie &#8222;A&#8220;.<\/p>\n\n\n\n<p>Den Bootsf\u00fchrerausweis erh\u00e4ltst Du, wenn Du die theoretische und die praktische Schiffsf\u00fchrer-Pr\u00fcfung bestanden hast. Das Mindestalter, um einen Bootsf\u00fchrerausweis der Kategorie A erlangen zu k\u00f6nnen ist 18 Jahre.    <strong>\u00dcbrigens; Du darfst Fahrstunden bereits besuchen, bevor du die theoretische Pr\u00fcfung bestanden hast!<\/strong><\/p>\n\n\n\n<h3 class=\"wp-block-heading\"><mark style=\"background-color:rgba(0, 0, 0, 0)\" class=\"has-inline-color has-vivid-cyan-blue-color\"><strong>Vorgehensweise<\/strong> <\/mark><\/h3>\n\n\n\n<p>Wer einen Schiffsausweis erwerben will, muss ein vollst\u00e4ndig ausgef\u00fclltes <strong><a rel=\"noreferrer noopener\" href=\"https:\/\/www.ag.ch\/app\/aem\/forms\/getForm?form=7ea07956c202b7d4c17383f06e52bb6a&amp;mode=prod\" target=\"_blank\">Gesuchsformular<\/a> <\/strong>ausf\u00fcllen. Dieses kann direkt beim Schifffahrtsamt des Wohnkantons bezogen werden.<\/p>\n\n\n\n<p>Dem Gesuch um Erteilung eines Schiffsf\u00fchrerausweises legst Du bei:<\/p>\n\n\n\n<div class=\"wp-block-columns is-layout-flex wp-container-core-columns-is-layout-9d6595d7 wp-block-columns-is-layout-flex\">\n<div class=\"wp-block-column is-vertically-aligned-center is-layout-flow wp-block-column-is-layout-flow\" style=\"flex-basis:100%\">\n<ul class=\"wp-block-list\">\n<li>Kopie der Niederlassungsbewilligung<\/li>\n\n\n\n<li>Sehtest (nicht \u00e4lter als 24 Monate), ausgestellt von einem autorisierten Optiker oder Augenarzt.<\/li>\n\n\n\n<li>Ein farbiges Passfoto<\/li>\n\n\n\n<li>Evtl. \u00e4rztliches Zeugnis<\/li>\n<\/ul>\n<\/div>\n<\/div>\n\n\n\n<p>Die Vorgehensweise kann sich kantonal unterscheiden<\/p>\n\n\n\n<p>Grunds\u00e4tzlich muss die Bootspr\u00fcfung im Wohnkanton absolviert werden. <a href=\"https:\/\/www.schiffsfuehrerausweis.ch\/de\/\" target=\"_blank\" rel=\"noreferrer noopener\">Theoriepr\u00fcfungen<\/a> k\u00f6nnen nur von Wochenaufenthaltern in einem anderen Kanton abgelegt werden. Wenn man die praktische Pr\u00fcfung in einen anderen Kanton ablegen m\u00f6chte, kann gegen eine Geb\u00fchr ein entsprechendes Gesuch gestellt werden.<\/p>\n\n\n\n<p><a href=\"https:\/\/www.boatdriver.ch\/infos\/schifffahrtsamt\" target=\"_blank\" rel=\"noreferrer noopener\">Liste der Schifffahrt\u00e4mter<\/a><\/p>\n\n\n\n<h3 class=\"wp-block-heading has-vivid-cyan-blue-color has-text-color\"><strong>Theoretische und praktische Bootsf\u00fchrer-Ausbildung<\/strong><\/h3>\n\n\n\n<p>Die <a href=\"https:\/\/navapp.vks.ch\/de\/demo\" target=\"_blank\" rel=\"noreferrer noopener\">theoretische<\/a> Bootspr\u00fcfung legst Du beim Schifffahrtsamt Deines Wohnkantons ab.\u00a0Die Pr\u00fcfung gilt als bestanden, wenn Du mindestens 165 von 180 Punkten erreicht hast. Der Fragebogen beinhaltet 60 Fragen. Zu jeder Frage gibt es drei Antwortm\u00f6glichkeiten, wovon mehr als eine Antwort richtig sein kann (Multiple Choice). Die Grundlage ist ein gesamtschweizerischer Fragenkatalog. Er\u00a0besteht aus rund 300 Fragen. Der Katalog\u00a0wird von der\u00a0<a href=\"https:\/\/demo-cut.vks.ch\/\" target=\"_blank\" rel=\"noreferrer noopener\"><strong><em>Vereinigung der Schifffahrts\u00e4mter vks<\/em><\/strong><\/a>\u00a0ausgearbeitet.<br>Gerne helfen wir Dir pers\u00f6nlich bei Fragen zur theoretischen Bootspr\u00fcfung und beraten Dich hinsichtlich in der\u00a0Wahl der Lehrmittel.<\/p>\n\n\n\n<p id=\"21403\">Die praktische Bootspr\u00fcfung Hallwilersee beinhaltet die f\u00fcr den Bootsalltag notwendigen Fahrman\u00f6ver wie z.B. die Landung vorw\u00e4rts aus einem Winkel von 40 Grad. Zudem&nbsp;lernst Du neun Knoten, die theoretischen und praktischen Grundlagen der Navigation und das Verhalten in besonders heiklen Situationen wie bei&nbsp;&#8222;Person \u00fcber Bord&#8220;, &#8222;Wasser im Schiff&#8220; und &#8222;Feuer an Bord&#8220;. Vor der ersten Lektion erh\u00e4ltst Du von uns die n\u00f6tigen Unterlagen.<br><\/p>\n\n\n\n<p id=\"21501\">Zus\u00e4tzliche Informationen zu den Anforderungen und zum Ablauf findest Du auch auf den Seiten der Abteilung Schifffahrt beim&nbsp;<a href=\"https:\/\/www.ag.ch\/de\/verwaltung\/dvi\/strassenverkehr\/schifffahrt\/schiffsfuehrerausweis\/anforderungen\" target=\"_blank\" rel=\"noreferrer noopener\"><strong><em>Strassenverkehrsamt&nbsp;des Kantons Aargau<\/em><\/strong><\/a>.<\/p>\n\n\n\n<p class=\"has-vivid-cyan-blue-color has-text-color\"><strong>Falls Du es w\u00fcnschst, helfen wir Dir beim Ausf\u00fcllen der ben\u00f6tigten Formulare und beim Kontakt mit den Beh\u00f6rden.<\/strong><\/p>\n\n\n\n<h1 class=\"wp-block-heading\"><strong>Geschenkgutschein<\/strong><\/h1>\n\n\n\n<p>Schenke deinem Liebsten eine Schnupperlektion oder nur eine sch\u00f6ne erholsame Zeit auf dem See. Mit uns als Begleitung kannst Du auch ohne Pr\u00fcfungsanbitionen den See geniessen.<\/p>\n\n\n\n<figure class=\"wp-block-image size-large is-resized\"><img loading=\"lazy\" decoding=\"async\" width=\"636\" height=\"1024\" src=\"https:\/\/bootsschulehallwilersee.ch\/wp-content\/uploads\/20240226_190054852_iOS-636x1024.png\" alt=\"\" class=\"wp-image-921\" style=\"width:183px;height:auto\" srcset=\"https:\/\/bootsschulehallwilersee.ch\/wp-content\/uploads\/20240226_190054852_iOS-636x1024.png 636w, https:\/\/bootsschulehallwilersee.ch\/wp-content\/uploads\/20240226_190054852_iOS-186x300.png 186w, https:\/\/bootsschulehallwilersee.ch\/wp-content\/uploads\/20240226_190054852_iOS.png 670w\" sizes=\"auto, (max-width: 636px) 100vw, 636px\" \/><\/figure>\n\n\n\n<p class=\"has-large-font-size\"><strong>Auffrischungskurs<\/strong><\/p>\n\n\n\n<p>Ist es schon ein einige Zeit her, dass Du das letzte Mal auf dem Wasser warst? <\/p>\n\n\n\n<p>Kein Problem! Gerne frischen wir Deine Kenntnisse wieder auf, damit Du wieder ausreichend Sicherheit hast, um ein Motorboot allein zu f\u00fchren. Du bestimmst, welche Man\u00f6ver Du fahren m\u00f6chtest und auf was Du den Schwerpunkt legen m\u00f6chtest.<\/p>\n\n\n\n<p><\/p>\n","protected":false},"excerpt":{"rendered":"<p>Motorbootunterricht Kat. A Gesetzliche Grundlagen und Anforderungen Um ein Motorboot mit einer Antriebsleistung von mehr als 6 kW (8 PS) fahren zu d\u00fcrfen (Bodensee 4,4 kW bzw. 6 PS), ben\u00f6tigst Du einen F\u00fchrerausweis der Kategorie &#8222;A&#8220;. Den Bootsf\u00fchrerausweis erh\u00e4ltst Du, wenn Du die theoretische und die praktische Schiffsf\u00fchrer-Pr\u00fcfung bestanden hast. Das Mindestalter, um einen Bootsf\u00fchrerausweis&#8230;<\/p>\n<p class=\"more-link\"><a href=\"https:\/\/bootsschulehallwilersee.ch\/index.php\/angebot\/\" class=\"themebutton3\">Read More<\/a><\/p>\n","protected":false},"author":1,"featured_media":0,"parent":0,"menu_order":0,"comment_status":"closed","ping_status":"closed","template":"","meta":{"footnotes":""},"class_list":["post-56","page","type-page","status-publish","hentry"],"_links":{"self":[{"href":"https:\/\/bootsschulehallwilersee.ch\/index.php\/wp-json\/wp\/v2\/pages\/56","targetHints":{"allow":["GET"]}}],"collection":[{"href":"https:\/\/bootsschulehallwilersee.ch\/index.php\/wp-json\/wp\/v2\/pages"}],"about":[{"href":"https:\/\/bootsschulehallwilersee.ch\/index.php\/wp-json\/wp\/v2\/types\/page"}],"author":[{"embeddable":true,"href":"https:\/\/bootsschulehallwilersee.ch\/index.php\/wp-json\/wp\/v2\/users\/1"}],"replies":[{"embeddable":true,"href":"https:\/\/bootsschulehallwilersee.ch\/index.php\/wp-json\/wp\/v2\/comments?post=56"}],"version-history":[{"count":25,"href":"https:\/\/bootsschulehallwilersee.ch\/index.php\/wp-json\/wp\/v2\/pages\/56\/revisions"}],"predecessor-version":[{"id":1283,"href":"https:\/\/bootsschulehallwilersee.ch\/index.php\/wp-json\/wp\/v2\/pages\/56\/revisions\/1283"}],"wp:attachment":[{"href":"https:\/\/bootsschulehallwilersee.ch\/index.php\/wp-json\/wp\/v2\/media?parent=56"}],"curies":[{"name":"wp","href":"https:\/\/api.w.org\/{rel}","templated":true}]}}